{"id":304,"date":"2026-02-09T18:35:48","date_gmt":"2026-02-09T18:35:48","guid":{"rendered":"https:\/\/it-digiturva.fi\/?page_id=304"},"modified":"2026-04-19T14:12:45","modified_gmt":"2026-04-19T14:12:45","slug":"linkkeja","status":"publish","type":"page","link":"https:\/\/it-digiturva.fi\/index.php\/linkkeja\/","title":{"rendered":"Linkit"},"content":{"rendered":"\n<ul class=\"wp-block-list\">\n<li><a href=\"https:\/\/www.kyberturvallisuuskeskus.fi\/fi\/ajankohtaista\/ohjeet-ja-oppaat\/ohjeet-ja-oppaat-yksityishenkiloille\" data-type=\"link\" data-id=\"https:\/\/www.kyberturvallisuuskeskus.fi\/fi\/ajankohtaista\/ohjeet-ja-oppaat\/ohjeet-ja-oppaat-yksityishenkiloille\" target=\"_blank\" rel=\"noreferrer noopener\">Kyberturvallisuuskeskuksen tietoturvaohjeita <\/a><a href=\"https:\/\/www.kyberturvallisuuskeskus.fi\/fi\/ajankohtaista\/ohjeet-ja-oppaat\/ohjeet-ja-oppaat-yksityishenkiloille\" data-type=\"link\" data-id=\"https:\/\/www.kyberturvallisuuskeskus.fi\/fi\/ajankohtaista\/ohjeet-ja-oppaat\/ohjeet-ja-oppaat-yksityishenkiloille\">yksityishenkil\u00f6lle<\/a><\/li>\n\n\n\n<li><a href=\"https:\/\/www.suomi.fi\/ohjeet-ja-tuki\/tunnistus\/tietoa-suomi-fi-tunnistuksessa-kaytossa-olevista-tunnistusvalineista\/mobiilivarmenteen-kayttoonotto\" data-type=\"link\" data-id=\"https:\/\/www.suomi.fi\/ohjeet-ja-tuki\/tunnistus\/tietoa-suomi-fi-tunnistuksessa-kaytossa-olevista-tunnistusvalineista\/mobiilivarmenteen-kayttoonotto\" target=\"_blank\" rel=\"noreferrer noopener\">Mobiilivarmenteen k\u00e4ytt\u00f6\u00f6notto<\/a><\/li>\n\n\n\n<li><a href=\"https:\/\/mobiilivarmenne.fi\/\" data-type=\"link\" data-id=\"https:\/\/mobiilivarmenne.fi\/\" target=\"_blank\" rel=\"noreferrer noopener\">mobiilivarmenne.fi<\/a><\/li>\n\n\n\n<li><a href=\"https:\/\/www.suomi.fi\/ohjeet-ja-tuki\/tunnistus\/tietoa-suomi-fi-tunnistuksessa-kaytossa-olevista-tunnistusvalineista\/hightrust-id-mobiilisovelluksen-kayttoonotto\" data-type=\"link\" data-id=\"https:\/\/www.suomi.fi\/ohjeet-ja-tuki\/tunnistus\/tietoa-suomi-fi-tunnistuksessa-kaytossa-olevista-tunnistusvalineista\/hightrust-id-mobiilisovelluksen-kayttoonotto\">Hightrust.id-mobiilisovelluksen k\u00e4ytt\u00f6\u00f6notto<\/a><\/li>\n\n\n\n<li><a href=\"https:\/\/www.nordea.fi\/henkiloasiakkaat\/sinun-elamasi\/turvallisuus\/neuvot-turvalliseen-pankkiasiointiin.html\" data-type=\"link\" data-id=\"https:\/\/www.nordea.fi\/henkiloasiakkaat\/sinun-elamasi\/turvallisuus\/neuvot-turvalliseen-pankkiasiointiin.html\" target=\"_blank\" rel=\"noreferrer noopener\">Neuvoja turvalliseen pankkiasiointiin<\/a><\/li>\n\n\n\n<li><a href=\"https:\/\/www.vero.fi\/positiivinenluottotietorekisteri\/yksityishenkil%C3%B6ille\/vapaaehtoinen-luottokielto\/\" target=\"_blank\" rel=\"noreferrer noopener\">Vapaaehtoinen luottokielto<\/a><\/li>\n\n\n\n<li><a href=\"https:\/\/www.f-secure.com\/en\/link-checker\" data-type=\"link\" data-id=\"https:\/\/www.f-secure.com\/en\/link-checker\">Tarkista verkkolinkin turvallisuus<\/a><\/li>\n\n\n\n<li><a href=\"https:\/\/www.f-secure.com\/en\/identity-theft-checker\" target=\"_blank\" rel=\"noreferrer noopener\">Tarkista onko s\u00e4hk\u00f6postiosoitteesi joutunut tietomurron kohteeksi<\/a><\/li>\n\n\n\n<li><a href=\"https:\/\/www.yubico.com\/resources\/glossary\/what-is-a-passkey\/\" target=\"_blank\" rel=\"noreferrer noopener\">Mik\u00e4 on p\u00e4\u00e4syavain (passkey)<\/a><a href=\"https:\/\/www.yubico.com\/resources\/glossary\/what-is-a-passkey\/\">?<\/a><\/li>\n\n\n\n<li><a href=\"https:\/\/support.microsoft.com\/en-us\/account-billing\/signing-in-with-a-passkey-09a49a86-ca47-406c-8acc-ed0e3c852c6d\" target=\"_blank\" rel=\"noreferrer noopener\">Kirjautumisesta p\u00e4\u00e4syavaimella (passkey), Microsoft tili<\/a><\/li>\n\n\n\n<li><a href=\"https:\/\/support.google.com\/accounts\/answer\/13548313?hl=en\" data-type=\"link\" data-id=\"https:\/\/support.google.com\/accounts\/answer\/13548313?hl=en\" target=\"_blank\" rel=\"noreferrer noopener\">Kirjautumisesta p\u00e4\u00e4syavaimella (passkey), Google tili<\/a><\/li>\n\n\n\n<li><a href=\"https:\/\/www.suomi.fi\/oppaat\/tietovuoto\" data-type=\"link\" data-id=\"https:\/\/www.suomi.fi\/oppaat\/tietovuoto\" target=\"_blank\" rel=\"noreferrer noopener\">Mit\u00e4 tehd\u00e4 jos henkil\u00f6tietojasi on joutunut v\u00e4\u00e4riin k\u00e4siin?<\/a><\/li>\n\n\n\n<li><a href=\"https:\/\/www.kyberturvallisuuskeskus.fi\/fi\/ajankohtaista\/ohjeet-ja-oppaat\/ohjeet-ja-oppaat-yksityishenkiloille\/kotiverkon-ja-reitittimen\" data-type=\"link\" data-id=\"https:\/\/www.kyberturvallisuuskeskus.fi\/fi\/ajankohtaista\/ohjeet-ja-oppaat\/ohjeet-ja-oppaat-yksityishenkiloille\/kotiverkon-ja-reitittimen\" target=\"_blank\" rel=\"noreferrer noopener\">Kotiverkon ja reitittimen tietoturva<\/a><\/li>\n\n\n\n<li><a href=\"https:\/\/bittiblogi.fi\/kodin-digitaalinen-etuovi-kuntoon-tsekkaa-reitittimesi\/\" data-type=\"link\" data-id=\"https:\/\/bittiblogi.fi\/kodin-digitaalinen-etuovi-kuntoon-tsekkaa-reitittimesi\/\" target=\"_blank\" rel=\"noreferrer noopener\">Reitittimen tietoturva-asetukset<\/a><\/li>\n\n\n\n<li><a href=\"https:\/\/www.kaspersky.fi\/resource-center\/definitions\/what-is-a-vpn\" data-type=\"link\" data-id=\"https:\/\/www.kaspersky.fi\/resource-center\/definitions\/what-is-a-vpn\" target=\"_blank\" rel=\"noreferrer noopener\">Mik\u00e4 on VPN ja kuinka se toimii?<\/a><\/li>\n<\/ul>\n\n\n\n<p><\/p>\n","protected":false},"excerpt":{"rendered":"","protected":false},"author":1,"featured_media":0,"parent":0,"menu_order":0,"comment_status":"closed","ping_status":"closed","template":"","meta":{"footnotes":""},"class_list":["post-304","page","type-page","status-publish","hentry"],"_links":{"self":[{"href":"https:\/\/it-digiturva.fi\/index.php\/wp-json\/wp\/v2\/pages\/304","targetHints":{"allow":["GET"]}}],"collection":[{"href":"https:\/\/it-digiturva.fi\/index.php\/wp-json\/wp\/v2\/pages"}],"about":[{"href":"https:\/\/it-digiturva.fi\/index.php\/wp-json\/wp\/v2\/types\/page"}],"author":[{"embeddable":true,"href":"https:\/\/it-digiturva.fi\/index.php\/wp-json\/wp\/v2\/users\/1"}],"replies":[{"embeddable":true,"href":"https:\/\/it-digiturva.fi\/index.php\/wp-json\/wp\/v2\/comments?post=304"}],"version-history":[{"count":27,"href":"https:\/\/it-digiturva.fi\/index.php\/wp-json\/wp\/v2\/pages\/304\/revisions"}],"predecessor-version":[{"id":674,"href":"https:\/\/it-digiturva.fi\/index.php\/wp-json\/wp\/v2\/pages\/304\/revisions\/674"}],"wp:attachment":[{"href":"https:\/\/it-digiturva.fi\/index.php\/wp-json\/wp\/v2\/media?parent=304"}],"curies":[{"name":"wp","href":"https:\/\/api.w.org\/{rel}","templated":true}]}}