{"id":174,"date":"2026-01-25T14:53:21","date_gmt":"2026-01-25T14:53:21","guid":{"rendered":"https:\/\/it-digiturva.fi\/?page_id=174"},"modified":"2026-03-29T13:30:55","modified_gmt":"2026-03-29T13:30:55","slug":"johdanto","status":"publish","type":"page","link":"https:\/\/it-digiturva.fi\/index.php\/johdanto\/","title":{"rendered":"Johdanto"},"content":{"rendered":"\n<p>Tervetuloa IT-digiturvaa k\u00e4sittelev\u00e4lle sivustolle! T\u00e4m\u00e4 sivusto on omistettu k\u00e4yt\u00e4nn\u00f6nl\u00e4heisille ja toimiviksi todetuille menetelmille digitaalisen turvallisuuden ja yksityisyyden suojaamisessa.<\/p>\n\n\n\n<p>Nykyisess\u00e4 digitaalisessa maailmassa tietoturvauhat ovat jatkuvasti l\u00e4sn\u00e4, joten on entist\u00e4 t\u00e4rke\u00e4mp\u00e4\u00e4 ymm\u00e4rt\u00e4\u00e4, kuinka voimme suojata henkil\u00f6kohtaisia tietojamme ja varmistaa turvallisen verkossa liikkumisen.<\/p>\n\n\n\n<p>Sivustomme tavoitteena on tarjota tietoa eri osa-alueilta, joiden avulla voit tehd\u00e4 digitaalisesta maailmasta turvallisemman ja yksityisemm\u00e4n. Tarjoamme erityisesti k\u00e4yt\u00e4nn\u00f6n vinkkej\u00e4 ja ty\u00f6kaluja oman kyberturvallisuuden parantamiseen.<\/p>\n\n\n\n<p>Oletko uusi tietoturvan maailmassa, vai oletko jo huolissasi aiheesta ja haluat oppia lis\u00e4\u00e4? Sivustomme sis\u00e4lt\u00f6 sopii kaikille, jotka haluavat syvent\u00e4\u00e4 ymm\u00e4rryst\u00e4\u00e4n ja kehitt\u00e4\u00e4 taitojaan.<\/p>\n\n\n\n<p>Sivuston yll\u00e4pit\u00e4j\u00e4 on kokenut IT-alan ammattilainen, jolle tietoturva ja yksityisyys ovat erityisen l\u00e4hell\u00e4 syd\u00e4nt\u00e4. Sivustolla nostetaan esille tietoturvan ja yksityisyyden kannalta keskeisi\u00e4 aiheita \u2013 asioita, joita yll\u00e4pit\u00e4j\u00e4 on itse k\u00e4ytt\u00f6\u00f6notannut parantaakseen p\u00e4ivitt\u00e4ist\u00e4 digiturvallisuuttaan.<\/p>\n","protected":false},"excerpt":{"rendered":"<p>Tervetuloa IT-digiturvaa k\u00e4sittelev\u00e4lle sivustolle! T\u00e4m\u00e4 sivusto on omistettu k\u00e4yt\u00e4nn\u00f6nl\u00e4heisille ja toimiviksi todetuille menetelmille digitaalisen turvallisuuden ja yksityisyyden suojaamisessa. Nykyisess\u00e4 digitaalisessa maailmassa tietoturvauhat ovat jatkuvasti l\u00e4sn\u00e4, joten on entist\u00e4 t\u00e4rke\u00e4mp\u00e4\u00e4 ymm\u00e4rt\u00e4\u00e4, kuinka voimme suojata henkil\u00f6kohtaisia tietojamme ja varmistaa turvallisen verkossa liikkumisen. Sivustomme tavoitteena on tarjota tietoa eri osa-alueilta, joiden avulla voit tehd\u00e4 digitaalisesta maailmasta turvallisemman ja [&hellip;]<\/p>\n","protected":false},"author":1,"featured_media":0,"parent":0,"menu_order":0,"comment_status":"closed","ping_status":"closed","template":"","meta":{"footnotes":""},"class_list":["post-174","page","type-page","status-publish","hentry"],"_links":{"self":[{"href":"https:\/\/it-digiturva.fi\/index.php\/wp-json\/wp\/v2\/pages\/174","targetHints":{"allow":["GET"]}}],"collection":[{"href":"https:\/\/it-digiturva.fi\/index.php\/wp-json\/wp\/v2\/pages"}],"about":[{"href":"https:\/\/it-digiturva.fi\/index.php\/wp-json\/wp\/v2\/types\/page"}],"author":[{"embeddable":true,"href":"https:\/\/it-digiturva.fi\/index.php\/wp-json\/wp\/v2\/users\/1"}],"replies":[{"embeddable":true,"href":"https:\/\/it-digiturva.fi\/index.php\/wp-json\/wp\/v2\/comments?post=174"}],"version-history":[{"count":15,"href":"https:\/\/it-digiturva.fi\/index.php\/wp-json\/wp\/v2\/pages\/174\/revisions"}],"predecessor-version":[{"id":626,"href":"https:\/\/it-digiturva.fi\/index.php\/wp-json\/wp\/v2\/pages\/174\/revisions\/626"}],"wp:attachment":[{"href":"https:\/\/it-digiturva.fi\/index.php\/wp-json\/wp\/v2\/media?parent=174"}],"curies":[{"name":"wp","href":"https:\/\/api.w.org\/{rel}","templated":true}]}}