{"id":168,"date":"2026-01-25T14:44:48","date_gmt":"2026-01-25T14:44:48","guid":{"rendered":"https:\/\/it-digiturva.fi\/?page_id=168"},"modified":"2026-03-16T18:11:43","modified_gmt":"2026-03-16T18:11:43","slug":"etusivu","status":"publish","type":"page","link":"https:\/\/it-digiturva.fi\/","title":{"rendered":"Etusivu"},"content":{"rendered":"\n<p>Tervetuloa IT-digiturva sivustolle, joka on omistettu vinkeille ja parhaimmille k\u00e4yt\u00e4nn\u00f6ille digitaalisen turvallisuuden ja yksityisyyden hallinnassa. Nykyisess\u00e4 digitaalisessa maailmassa, jossa tietoturvauhat ovat jatkuvasti kehittyvi\u00e4, on entist\u00e4 t\u00e4rke\u00e4mp\u00e4\u00e4 ymm\u00e4rt\u00e4\u00e4, miten voimme suojata henkil\u00f6kohtaisia tietojamme ja varmistaa turvallinen verkkok\u00e4ytt\u00e4ytyminen.<\/p>\n\n\n\n<p>Sivustomme tavoitteena on tarjota tietoa eri osa-alueista, joiden avulla teet digitiaalisesta maailmasta turvallisemman ja yksityisemm\u00e4n. Tarjoamme erityisesti k\u00e4yt\u00e4nn\u00f6n vinkkej\u00e4 ja ty\u00f6kaluja, joiden avulla voit parantaa omaa kyberturvallisuutta.<\/p>\n\n\n\n<p>Oletko uusi tietoturvan maailmassa tai ainakin aiheesta huolestunut ja haluat tiet\u00e4\u00e4 lis\u00e4\u00e4? Sivustomme tarjoaa sis\u00e4lt\u00f6\u00e4 kaikille, jotka haluavat syvent\u00e4\u00e4 ymm\u00e4rryst\u00e4\u00e4n ja kehitt\u00e4\u00e4 taitojaan. Liity seuraamme matkalla kohti turvallisempaa ja yksityisemp\u00e4\u00e4 digitaalista el\u00e4m\u00e4\u00e4!<\/p>\n\n\n\n<p>Sivuston yll\u00e4pit\u00e4j\u00e4 on kokenut IT-alan ammattilainen jolle tietuturvaan ja yksityisyyteen liittyv\u00e4t asiat ovat erityiskiinnostuskohde. Sivut pyrkiv\u00e4t nostamaan esille tietoturvan ja yksityisyyden kannalta t\u00e4rkeit\u00e4 aiheita ja vastaamaan kysymyksiin miksi? Ja miten?<\/p>\n","protected":false},"excerpt":{"rendered":"<p>Tervetuloa IT-digiturva sivustolle, joka on omistettu vinkeille ja parhaimmille k\u00e4yt\u00e4nn\u00f6ille digitaalisen turvallisuuden ja yksityisyyden hallinnassa. Nykyisess\u00e4 digitaalisessa maailmassa, jossa tietoturvauhat ovat jatkuvasti kehittyvi\u00e4, on entist\u00e4 t\u00e4rke\u00e4mp\u00e4\u00e4 ymm\u00e4rt\u00e4\u00e4, miten voimme suojata henkil\u00f6kohtaisia tietojamme ja varmistaa turvallinen verkkok\u00e4ytt\u00e4ytyminen. Sivustomme tavoitteena on tarjota tietoa eri osa-alueista, joiden avulla teet digitiaalisesta maailmasta turvallisemman ja yksityisemm\u00e4n. Tarjoamme erityisesti k\u00e4yt\u00e4nn\u00f6n vinkkej\u00e4 [&hellip;]<\/p>\n","protected":false},"author":1,"featured_media":0,"parent":0,"menu_order":0,"comment_status":"closed","ping_status":"closed","template":"","meta":{"footnotes":""},"class_list":["post-168","page","type-page","status-publish","hentry"],"_links":{"self":[{"href":"https:\/\/it-digiturva.fi\/index.php\/wp-json\/wp\/v2\/pages\/168","targetHints":{"allow":["GET"]}}],"collection":[{"href":"https:\/\/it-digiturva.fi\/index.php\/wp-json\/wp\/v2\/pages"}],"about":[{"href":"https:\/\/it-digiturva.fi\/index.php\/wp-json\/wp\/v2\/types\/page"}],"author":[{"embeddable":true,"href":"https:\/\/it-digiturva.fi\/index.php\/wp-json\/wp\/v2\/users\/1"}],"replies":[{"embeddable":true,"href":"https:\/\/it-digiturva.fi\/index.php\/wp-json\/wp\/v2\/comments?post=168"}],"version-history":[{"count":1,"href":"https:\/\/it-digiturva.fi\/index.php\/wp-json\/wp\/v2\/pages\/168\/revisions"}],"predecessor-version":[{"id":169,"href":"https:\/\/it-digiturva.fi\/index.php\/wp-json\/wp\/v2\/pages\/168\/revisions\/169"}],"wp:attachment":[{"href":"https:\/\/it-digiturva.fi\/index.php\/wp-json\/wp\/v2\/media?parent=168"}],"curies":[{"name":"wp","href":"https:\/\/api.w.org\/{rel}","templated":true}]}}